{"id":1336,"date":"2013-01-22T19:38:02","date_gmt":"2013-01-22T18:38:02","guid":{"rendered":"http:\/\/gwps.vot.pl\/theburnnout\/?page_id=1336"},"modified":"2014-10-06T16:43:38","modified_gmt":"2014-10-06T14:43:38","slug":"coaching-online-pl","status":"publish","type":"page","link":"http:\/\/gwps.vot.pl\/theburnnout\/coaching-online-pl\/","title":{"rendered":"Coaching online"},"content":{"rendered":"<p style=\"text-align: justify;\">Doceniamy to, \u017ce dotar\u0142e\u015b\/a\u015b tak daleko i chcemy wyja\u015bni\u0107 Ci ide\u0119\u00a0<em>coachingu online.<\/em> To nie ma nic wsp\u00f3lnego z doradztwem, czy podawaniem gotowych rozwi\u0105za\u0144. Jest to wsparcie Ciebie w odkrywaniu w\u0142asnych strategii, kt\u00f3re prowadz\u0105 do po\u017c\u0105danych wynik\u00f3w. Dzieje si\u0119 to poprzez stymulowanie refleksji, poszerzanie perspektywy, inspirowanie do wy\u0142aniania kluczowych element\u00f3w, kt\u00f3re wywo\u0142uj\u0105 zmian\u0119.<\/p>\n<h3 style=\"text-align: justify;\">Samodzielny coaching online<\/h3>\n<p style=\"text-align: justify;\">Prosimy, przygotuj si\u0119 teraz do wykonania kilku zada\u0144: zorganizuj sobie kilka kartek papieru, co\u015b do rysowania (kredki, markery\u2026) i do pisania. Proponujemy kilka \u0107wicze\u0144, kt\u00f3re mo\u017cesz przeprowadzi\u0107 samodzielnie. Nie musisz umawia\u0107 si\u0119 z kimkolwiek, rozmawia\u0107, czy p\u0142aci\u0107. Jeste\u015b tylko Ty, Twoja wyobra\u017ania, kartka papieru i co\u015b do pisania. Zr\u00f3b sobie herbat\u0119, kaw\u0119 a mo\u017ce przynie\u015b wod\u0119 sodow\u0105. Znajd\u017a wygodn\u0105 pozycj\u0119 i rozlu\u017anij si\u0119. Przejd\u017a przez jedno lub wi\u0119cej \u0107wicze\u0144 w podanej kolejno\u015bci. Powtarzaj je tyle razy ile potrzebujesz. Daj sobie czas i pod\u0105\u017caj za zadaniami tak d\u0142ugo, jak d\u0142ugo Ci to s\u0142u\u017cy.<\/p>\n<table style=\"border-width: 0px; border-style: none;\" border=\"0\">\n<tbody>\n<tr>\n<td style=\"width: 50%;\">\u00a0<a title=\"Torcik energetyczny\" href=\"http:\/\/gwps.vot.pl\/theburnnout\/coaching-online-pl\/torcik-energetyczny\/\"><strong><img loading=\"lazy\" decoding=\"async\" class=\"alignleft wp-image-1886 size-thumbnail\" src=\"http:\/\/gwps.vot.pl\/theburnnout\/files\/2013\/01\/energy-cake-150x150.jpg\" alt=\"Coaching online torcik nergetyczny\" width=\"150\" height=\"150\" \/>1. Torcik energetyczny<\/strong><\/a><\/p>\n<p><a title=\"Torcik energetyczny\" href=\"http:\/\/gwps.vot.pl\/theburnnout\/coaching-online-pl\/torcik-energetyczny\/\">Sk\u0105d czerpi\u0119 i jak anga\u017cuj\u0119 energi\u0119?\u00a0<\/a><\/td>\n<td style=\"text-align: left;\">\n<h2 style=\"text-align: left;\"><a title=\"Bardzo czarny scenariusz\" href=\"http:\/\/gwps.vot.pl\/theburnnout\/coaching-online-pl\/the-pessimistic-version-pl\/\"><strong><img loading=\"lazy\" decoding=\"async\" class=\"alignleft wp-image-1882 size-thumbnail\" src=\"http:\/\/gwps.vot.pl\/theburnnout\/files\/2013\/01\/biedak-bez-zebow-usmiechniety-150x150.jpg\" alt=\"Coaching online Czarny scenariusz\" width=\"150\" height=\"150\" srcset=\"http:\/\/gwps.vot.pl\/theburnnout\/files\/2013\/01\/biedak-bez-zebow-usmiechniety-150x150.jpg 150w, http:\/\/gwps.vot.pl\/theburnnout\/files\/2013\/01\/biedak-bez-zebow-usmiechniety-300x300.jpg 300w, http:\/\/gwps.vot.pl\/theburnnout\/files\/2013\/01\/biedak-bez-zebow-usmiechniety.jpg 800w\" sizes=\"auto, (max-width: 150px) 100vw, 150px\" \/>2. Bardzo czarny scenariusz<\/strong><\/a><\/h2>\n<p style=\"text-align: left;\"><a title=\"Bardzo czarny scenariusz\" href=\"http:\/\/gwps.vot.pl\/theburnnout\/coaching-online-pl\/the-pessimistic-version-pl\/\">Co je\u015bli niczego nie zmieni\u0119?<\/a><\/p>\n<\/td>\n<\/tr>\n<tr>\n<td><\/td>\n<td style=\"text-align: left;\"><\/td>\n<\/tr>\n<tr>\n<td style=\"text-align: left;\">\n<h2 style=\"text-align: left;\"><a title=\"Uczulacze\" href=\"http:\/\/gwps.vot.pl\/theburnnout\/coaching-online-pl\/stress-triggers-pl\/\"><strong><img loading=\"lazy\" decoding=\"async\" class=\"alignleft wp-image-550 size-thumbnail\" src=\"http:\/\/gwps.vot.pl\/theburnnout\/files\/2014\/01\/antyinventory-watch-150x150.jpg\" alt=\"Coaching online Uczulacze\" width=\"150\" height=\"150\" \/>3. Uczulacze<\/strong><\/a><\/h2>\n<p style=\"text-align: left;\"><a title=\"Uczulacze\" href=\"http:\/\/gwps.vot.pl\/theburnnout\/coaching-online-pl\/stress-triggers-pl\/\">Jakie sytuacje wywo\u0142uj\u0105 we mnie najwi\u0119kszy stres?<\/a><\/p>\n<\/td>\n<td style=\"text-align: left;\">\n<h2 style=\"text-align: left;\"><a title=\"Przeanalizuj swoj\u0105 reakcj\u0119\" href=\"http:\/\/gwps.vot.pl\/theburnnout\/coaching-online-pl\/analyse-your-stress-reaction-pl\/\"><strong><img loading=\"lazy\" decoding=\"async\" class=\"alignleft wp-image-1887 size-thumbnail\" src=\"http:\/\/gwps.vot.pl\/theburnnout\/files\/2013\/01\/bad-mood-150x150.jpg\" alt=\"Coaching online Analiza reakcji na stres\" width=\"150\" height=\"150\" \/>4. Przeanalizuj swoj\u0105 reakcj\u0119<\/strong><\/a><\/h2>\n<p style=\"text-align: left;\"><a title=\"Przeanalizuj swoj\u0105 reakcj\u0119\" href=\"http:\/\/gwps.vot.pl\/theburnnout\/coaching-online-pl\/analyse-your-stress-reaction-pl\/\">Co robi\u0119, my\u015bl\u0119, czuj\u0119 kiedy jestem pod wp\u0142ywem stresu?<\/a><\/p>\n<\/td>\n<\/tr>\n<tr>\n<td><\/td>\n<td><\/td>\n<\/tr>\n<tr>\n<td style=\"text-align: left;\">\n<h2 style=\"text-align: left;\"><a title=\"Od fikcji do rzeczywisto\u015bci\" href=\"http:\/\/gwps.vot.pl\/theburnnout\/coaching-online-pl\/from-fiction-to-reality-pl\/\"><strong><img loading=\"lazy\" decoding=\"async\" class=\"alignleft wp-image-1884 size-thumbnail\" src=\"http:\/\/gwps.vot.pl\/theburnnout\/files\/2013\/01\/dziecko-w-okularach-150x150.jpg\" alt=\"Coaching online Od fikcji do rzeczywisto\u015bci\" width=\"150\" height=\"150\" \/>5. Od fikcji do rzeczywisto\u015bci<\/strong><\/a><\/h2>\n<p style=\"text-align: left;\"><a title=\"Od fikcji do rzeczywisto\u015bci\" href=\"http:\/\/gwps.vot.pl\/theburnnout\/coaching-online-pl\/from-fiction-to-reality-pl\/\">Jak inaczej mo\u017ce wygl\u0105da\u0107 moja przysz\u0142o\u015b\u0107?<\/a><\/p>\n<\/td>\n<td style=\"text-align: justify;\">\n<h2 style=\"text-align: left;\"><a title=\"Dzienniczek codziennych dokona\u0144\" href=\"http:\/\/gwps.vot.pl\/theburnnout\/coaching-online-pl\/achievements-diary-pl\/\"><strong><img loading=\"lazy\" decoding=\"async\" class=\"alignleft wp-image-1885 size-thumbnail\" src=\"http:\/\/gwps.vot.pl\/theburnnout\/files\/2013\/01\/pamietnik-bohatera-150x150.jpg\" alt=\"Coaching online Pami\u0119tnik bohatera\" width=\"150\" height=\"150\" \/>6. Pami\u0119tnik bohatera<\/strong><\/a><\/h2>\n<p style=\"text-align: left;\"><a title=\"Dzienniczek codziennych dokona\u0144\" href=\"http:\/\/gwps.vot.pl\/theburnnout\/coaching-online-pl\/achievements-diary-pl\/\">Jak cieszy\u0107 si\u0119 zmianami?<\/a><\/p>\n<\/td>\n<\/tr>\n<\/tbody>\n<\/table>\n<p>&nbsp;<\/p>\n","protected":false},"excerpt":{"rendered":"<p>Doceniamy to, \u017ce dotar\u0142e\u015b\/a\u015b tak daleko i chcemy wyja\u015bni\u0107 Ci ide\u0119\u00a0coachingu online. To nie ma nic wsp\u00f3lnego z doradztwem, czy podawaniem gotowych rozwi\u0105za\u0144. Jest to wsparcie Ciebie w odkrywaniu w\u0142asnych strategii, kt\u00f3re prowadz\u0105 do po\u017c\u0105danych wynik\u00f3w. Dzieje si\u0119 to poprzez &hellip; <a href=\"http:\/\/gwps.vot.pl\/theburnnout\/coaching-online-pl\/\">Continue reading <span class=\"meta-nav\">&rarr;<\/span><\/a><\/p>\n","protected":false},"author":9,"featured_media":0,"parent":0,"menu_order":0,"comment_status":"closed","ping_status":"closed","template":"","meta":{"footnotes":""},"class_list":["post-1336","page","type-page","status-publish","hentry"],"_links":{"self":[{"href":"http:\/\/gwps.vot.pl\/theburnnout\/wp-json\/wp\/v2\/pages\/1336","targetHints":{"allow":["GET"]}}],"collection":[{"href":"http:\/\/gwps.vot.pl\/theburnnout\/wp-json\/wp\/v2\/pages"}],"about":[{"href":"http:\/\/gwps.vot.pl\/theburnnout\/wp-json\/wp\/v2\/types\/page"}],"author":[{"embeddable":true,"href":"http:\/\/gwps.vot.pl\/theburnnout\/wp-json\/wp\/v2\/users\/9"}],"replies":[{"embeddable":true,"href":"http:\/\/gwps.vot.pl\/theburnnout\/wp-json\/wp\/v2\/comments?post=1336"}],"version-history":[{"count":36,"href":"http:\/\/gwps.vot.pl\/theburnnout\/wp-json\/wp\/v2\/pages\/1336\/revisions"}],"predecessor-version":[{"id":2538,"href":"http:\/\/gwps.vot.pl\/theburnnout\/wp-json\/wp\/v2\/pages\/1336\/revisions\/2538"}],"wp:attachment":[{"href":"http:\/\/gwps.vot.pl\/theburnnout\/wp-json\/wp\/v2\/media?parent=1336"}],"curies":[{"name":"wp","href":"https:\/\/api.w.org\/{rel}","templated":true}]}}